{"id":398,"date":"2017-06-26T17:20:03","date_gmt":"2017-06-26T15:20:03","guid":{"rendered":"http:\/\/www.stilow.fr\/?page_id=398"},"modified":"2017-07-06T10:08:25","modified_gmt":"2017-07-06T08:08:25","slug":"secretariat-administratif-retranscription-audio","status":"publish","type":"page","link":"https:\/\/www.stilow.fr\/index.php\/secretariat-administratif-retranscription-audio\/","title":{"rendered":"Secr\u00e9tariat administratif &#8211; Retranscription Audio"},"content":{"rendered":"<div style=\"padding-bottom:20px; padding-top:10px;\" class=\"hupso-share-buttons\"><!-- Hupso Share Buttons - https:\/\/www.hupso.com\/share\/ --><a class=\"hupso_toolbar\" href=\"https:\/\/www.hupso.com\/share\/\"><img src=\"https:\/\/static.hupso.com\/share\/buttons\/lang\/fr\/share-medium.png\" style=\"border:0px; padding-top: 5px; float:left;\" alt=\"Share Button\"\/><\/a><script type=\"text\/javascript\">var hupso_services_t=new Array(\"Twitter\",\"Facebook\",\"Google Plus\",\"Linkedin\");var hupso_background_t=\"#EAF4FF\";var hupso_border_t=\"#66CCFF\";var hupso_toolbar_size_t=\"medium\";var hupso_image_folder_url = \"\";var hupso_url_t=\"\";var hupso_title_t=\"Secr%C3%A9tariat%20administratif%20-%20Retranscription%20Audio\";<\/script><script type=\"text\/javascript\" src=\"https:\/\/static.hupso.com\/share\/js\/share_toolbar.js\"><\/script><!-- Hupso Share Buttons --><\/div><p>[et_pb_section bb_built=\u00a0\u00bb1&Prime; admin_label=\u00a0\u00bbSection\u00a0\u00bb fullwidth=\u00a0\u00bboff\u00a0\u00bb specialty=\u00a0\u00bboff\u00a0\u00bb][et_pb_row admin_label=\u00a0\u00bbLigne\u00a0\u00bb][et_pb_column type=\u00a0\u00bb4_4&Prime;][et_pb_text admin_label=\u00a0\u00bbTexte\u00a0\u00bb background_layout=\u00a0\u00bblight\u00a0\u00bb text_orientation=\u00a0\u00bbleft\u00a0\u00bb use_border_color=\u00a0\u00bboff\u00a0\u00bb border_color=\u00a0\u00bb#ffffff\u00a0\u00bb border_style=\u00a0\u00bbsolid\u00a0\u00bb]<\/p>\n<h1 style=\"text-align: center;\"><strong><span style=\"color: #7ac6b6;\"><span style=\"font-size: 18pt;\">STILOW &#8211; <\/span><span style=\"font-size: 24px;\">SECR\u00c9TARIAT<\/span><span style=\"font-size: 18pt;\">\u00a0EXTERNALISE<\/span><\/span><\/strong><\/h1>\n<h1 style=\"text-align: center;\"><span style=\"font-size: 18pt; color: #7ac6b6;\"><strong>Votre assistante ind\u00e9pendante vous propose de l&rsquo;assistance en secr\u00e9tariat administratif et en retranscription audio<\/strong><\/span><\/h1>\n<p>[\/et_pb_text][\/et_pb_column][\/et_pb_row][\/et_pb_section][et_pb_section bb_built=\u00a0\u00bb1&Prime; admin_label=\u00a0\u00bbsection\u00a0\u00bb][et_pb_row admin_label=\u00a0\u00bbrow\u00a0\u00bb][et_pb_column type=\u00a0\u00bb1_2&Prime;][et_pb_image admin_label=\u00a0\u00bbImage\u00a0\u00bb src=\u00a0\u00bbhttp:\/\/www.stilow.fr\/wp-content\/uploads\/2017\/06\/nuage-de-mots-secr\u00e9tariat-administratif-retranscription-audio.jpg\u00a0\u00bb alt=\u00a0\u00bbassistante ind\u00e9pendante, administratif, secr\u00e9tariat, retranscription\u00a0\u00bb title_text=\u00a0\u00bbfreelance-gestion-nord-pas-de-calais-transcription-publipostage\u00a0\u00bb show_in_lightbox=\u00a0\u00bboff\u00a0\u00bb url_new_window=\u00a0\u00bboff\u00a0\u00bb use_overlay=\u00a0\u00bboff\u00a0\u00bb animation=\u00a0\u00bboff\u00a0\u00bb sticky=\u00a0\u00bboff\u00a0\u00bb align=\u00a0\u00bbleft\u00a0\u00bb force_fullwidth=\u00a0\u00bboff\u00a0\u00bb always_center_on_mobile=\u00a0\u00bbon\u00a0\u00bb use_border_color=\u00a0\u00bboff\u00a0\u00bb border_color=\u00a0\u00bb#ffffff\u00a0\u00bb border_style=\u00a0\u00bbsolid\u00a0\u00bb \/][\/et_pb_column][et_pb_column type=\u00a0\u00bb1_2&Prime;][et_pb_text admin_label=\u00a0\u00bbTexte\u00a0\u00bb background_layout=\u00a0\u00bblight\u00a0\u00bb text_orientation=\u00a0\u00bbleft\u00a0\u00bb use_border_color=\u00a0\u00bboff\u00a0\u00bb border_color=\u00a0\u00bb#ffffff\u00a0\u00bb border_style=\u00a0\u00bbsolid\u00a0\u00bb text_line_height=\u00a0\u00bb1em\u00a0\u00bb]<\/p>\n<h3 style=\"text-align: center;\"><span style=\"color: #000000; font-size: 12pt;\">La <strong>gestion administrative<\/strong> de votre entreprise vous prend de plus en plus de temps ?<\/span><\/h3>\n<h3 style=\"text-align: center;\"><span style=\"color: #000000; font-size: 12pt;\">Vous y consacrez vos soir\u00e9es et vos week-ends, votre vie personnelle et votre temps libre en sont impact\u00e9s\u00a0?<\/span><\/h3>\n<h3 style=\"text-align: center;\"><span style=\"color: #000000; font-size: 12pt;\">Vous souhaitez vous consacrer pleinement \u00e0 votre activit\u00e9\u00a0?<\/span><\/h3>\n<h3 style=\"text-align: center;\"><span style=\"color: #000000; font-size: 12pt;\">Un surcro\u00eet d&rsquo;activit\u00e9 inopin\u00e9 ?\u00a0<strong>Votre assistante est absente<\/strong>\u00a0?<\/span><\/h3>\n<p style=\"text-align: center;\"><span style=\"font-size: 12pt;\"><strong><span style=\"color: #7ac6b6;\">Lib\u00e9rez-vous l&rsquo;esprit et travaillez enfin en toute s\u00e9r\u00e9nit\u00e9\u00a0!<\/span><\/strong><\/span><\/p>\n<p>&nbsp;<\/p>\n<p>[\/et_pb_text][\/et_pb_column][\/et_pb_row][\/et_pb_section][et_pb_section bb_built=\u00a0\u00bb1&Prime; admin_label=\u00a0\u00bbSection\u00a0\u00bb fullwidth=\u00a0\u00bboff\u00a0\u00bb specialty=\u00a0\u00bboff\u00a0\u00bb][et_pb_row admin_label=\u00a0\u00bbLigne\u00a0\u00bb][et_pb_column type=\u00a0\u00bb4_4&Prime;][et_pb_text admin_label=\u00a0\u00bbTexte\u00a0\u00bb background_layout=\u00a0\u00bblight\u00a0\u00bb text_orientation=\u00a0\u00bbleft\u00a0\u00bb use_border_color=\u00a0\u00bboff\u00a0\u00bb border_color=\u00a0\u00bb#ffffff\u00a0\u00bb border_style=\u00a0\u00bbsolid\u00a0\u00bb]<\/p>\n<p style=\"text-align: left;\"><span style=\"color: #000000; font-size: 12pt;\">Pour r\u00e9pondre au mieux \u00e0 vos besoins, votre<strong>\u00a0assistante administrative freelance<\/strong> vous propose les prestations suivantes :<\/span><\/p>\n<h1 style=\"text-align: left;\"><span style=\"color: #7ac6b6;\"><span style=\"font-size: 24px;\"><b><u>SECR\u00c9TARIAT<\/u><\/b><\/span><\/span><strong style=\"color: #7ac6b6; font-size: 18pt;\"><span style=\"text-decoration: underline;\">\u00a0ADMINISTRATIF CLASSIQUE<\/span>\u00a0:<\/strong><\/h1>\n<p><img loading=\"lazy\" class=\"size-medium wp-image-194 alignright\" src=\"http:\/\/www.stilow.fr\/wp-content\/uploads\/2017\/05\/freelance-gestion-nord-pas-de-calais-secretaire-classement-300x200.jpg\" alt=\"freelance-gestion-nord pas de calais-secretaire-classement\" width=\"300\" height=\"200\" \/><\/p>\n<ul>\n<li><span style=\"color: #000000;\">Saisie et mise en page de vos courriers, <strong>rapports<\/strong>, dossiers, etc\u2026<\/span><\/li>\n<li><span style=\"color: #000000;\">Correction et relecture de vos documents<\/span><\/li>\n<li><span style=\"color: #000000;\">Cr\u00e9ation\/mise \u00e0 jour de bases de donn\u00e9es, tableaux, etc\u2026<\/span><\/li>\n<li><span style=\"color: #000000;\"><strong>Publipostage<\/strong><\/span><\/li>\n<li><span style=\"color: #000000;\">Mise sous pli, d\u00e9p\u00f4t de vos courriers \u00e0 la Poste<\/span><\/li>\n<li><span style=\"color: #000000;\">Num\u00e9risation de vos documents (format A4)<\/span><\/li>\n<li><span style=\"color: #000000;\">Optimisation de votre classement et de votre archivage<\/span><\/li>\n<li><span style=\"color: #000000;\">Organisation de vos\u00a0d\u00e9placements<\/span><\/li>\n<li><span style=\"color: #000000;\">Organisation de vos s\u00e9minaires, de vos soir\u00e9es d\u2019entreprise<\/span><\/li>\n<\/ul>\n<p>&nbsp;<\/p>\n<p><span style=\"color: #000000;\">Cette liste est non exhaustive ! Si votre besoin\u00a0ne figure pas dans la liste ci-dessus, je vous invite \u00e0 me contacter afin d&rsquo;\u00e9tudier ensemble une solution sur mesure qui r\u00e9pondra \u00e0 vos attentes.<\/span><\/p>\n<p>[\/et_pb_text][\/et_pb_column][\/et_pb_row][\/et_pb_section][et_pb_section bb_built=\u00a0\u00bb1&Prime; admin_label=\u00a0\u00bbSection\u00a0\u00bb fullwidth=\u00a0\u00bboff\u00a0\u00bb specialty=\u00a0\u00bboff\u00a0\u00bb][et_pb_row admin_label=\u00a0\u00bbLigne\u00a0\u00bb][et_pb_column type=\u00a0\u00bb4_4&Prime;][et_pb_text admin_label=\u00a0\u00bbTexte\u00a0\u00bb background_layout=\u00a0\u00bblight\u00a0\u00bb text_orientation=\u00a0\u00bbleft\u00a0\u00bb use_border_color=\u00a0\u00bboff\u00a0\u00bb border_color=\u00a0\u00bb#ffffff\u00a0\u00bb border_style=\u00a0\u00bbsolid\u00a0\u00bb]<\/p>\n<h1><strong><span style=\"color: #7ac6b6;\"><span style=\"font-size: 18pt;\"><u>DE LA RETRANSCRIPTION (OU TRANSCRIPTION) AUDIO ET <\/u><\/span><span style=\"font-size: 24px;\"><u>DICT\u00c9E<\/u><\/span><span style=\"font-size: 18pt;\"><u>\u00a0<\/u><\/span><\/span><span style=\"color: #7ac6b6;\"><span style=\"font-size: 24px;\"><u>NUM\u00c9RIQUE<\/u><\/span><span style=\"font-size: 18pt;\">\u00a0:<\/span><\/span><\/strong><\/h1>\n<p><span style=\"color: #000000; font-size: 12pt;\">Vous \u00eates avocat, huissier, notaire, m\u00e9decin g\u00e9n\u00e9raliste ou sp\u00e9cialiste, orthophoniste, professionnel de la communication, etc\u2026\u00a0<\/span><\/p>\n<p><span style=\"font-size: 12pt; color: #000000;\">Votre<strong> assistante ind\u00e9pendante<\/strong> vous propose un service de retranscription audio et de dict\u00e9e num\u00e9rique. Pour la r\u00e9alisation de vos rapports, comptes-rendus, je travaille \u00e0 partir de vos fichiers audio ou manuscrits.\u00a0Peu\u00a0importe le volume, toutes vos <strong>retranscriptions<\/strong> seront trait\u00e9es\u00a0avec le plus grand soin et dans la plus stricte confidentialit\u00e9.<\/span><\/p>\n<h2><\/h2>\n<h2><\/h2>\n<h2><span style=\"color: #7ac6b6; font-size: 14pt;\"><strong>Quelle est la diff\u00e9rence entre retranscription (ou transcription) audio et dict\u00e9e num<\/strong><\/span><span style=\"color: #7ac6b6; font-size: 14pt;\"><strong>\u00e9rique ?<\/strong><\/span><\/h2>\n<p><span style=\"color: #333333; font-size: 12pt;\"><span style=\"color: #000000;\"><strong>La retranscription (ou transcription) audio<\/strong> : l\u2019enregistrement contient plusieurs intervenants \u00a0(interviews, entretiens\u2026)<\/span><\/span><\/p>\n<p><span style=\"font-size: 12pt; color: #000000;\"><strong>La dict\u00e9e num\u00e9rique : <\/strong>l\u2019enregistrement contient un seul intervenant (actes juridiques, courriers m\u00e9dicaux\u2026)<\/span><\/p>\n<p>&nbsp;<\/p>\n<h2><span style=\"font-size: 14pt; color: #7ac6b6;\"><strong>Les diff\u00e9rents\u00a0niveaux de retranscription (ou transcription) :<\/strong><\/span><\/h2>\n<p><span style=\"font-size: 12pt;\"><span style=\"color: #7ac6b6;\"><strong>Tout d&rsquo;abord la retranscription \u00ab\u00a0Mot \u00e0 Mot\u00a0\u00bb<\/strong> :<\/span> <span style=\"color: #000000;\">c\u2019est la <strong>retranscription int\u00e9grale<\/strong> de votre <img loading=\"lazy\" class=\"wp-image-348 alignright\" src=\"http:\/\/www.stilow.fr\/wp-content\/uploads\/2017\/01\/freelance-nord-pas-de-calais-rapports-transcription-avocats.jpg\" alt=\"\" width=\"176\" height=\"264\" \/>fichier audio ou de votre\u00a0support manuscrit, dans sa plus stricte r\u00e9alit\u00e9, sans aucune modification, suppression ou reformulation. Toutes les h\u00e9sitations, les r\u00e9p\u00e9titions, et onomatop\u00e9es sont int\u00e9gralement restitu\u00e9es.<\/span><\/span><\/p>\n<p><span style=\"font-size: 12pt;\"><span style=\"color: #7ac6b6;\"><strong>Ensuite la retranscription \u00ab\u00a0Int\u00e9grale \u00e9pur\u00e9e\u00a0\u00bb<\/strong> :<\/span>\u00a0<span style=\"color: #000000;\">votre discours est repris dans son int\u00e9gralit\u00e9 et dans sa plus stricte r\u00e9alit\u00e9, en supprimant les h\u00e9sitations, les r\u00e9p\u00e9titions, et onomatop\u00e9es. La retranscription int\u00e9grale reste fid\u00e8le dans le fond et la forme.<\/span><\/span><\/p>\n<p><span style=\"font-size: 12pt;\"><span style=\"color: #7ac6b6;\"><strong>Et enfin la retranscription \u00ab\u00a0compte-rendu synth\u00e9tique\u00a0\u00bb<\/strong> :<\/span>\u00a0<span style=\"color: #000000;\">votre discours est fid\u00e8lement restitu\u00e9 mais sera am\u00e9lior\u00e9 en \u00e9liminant les fautes de syntaxe et en all\u00e9geant la formulation.<\/span><\/span><\/p>\n<h3><\/h3>\n<p>&nbsp;<\/p>\n<h3><span style=\"color: #7ac6b6;\"><strong>FONCTIONNEMENT :<\/strong><\/span><\/h3>\n<p>&nbsp;<\/p>\n<p><span style=\"font-size: 12pt;\"><span style=\"color: #7ac6b6;\"><strong>Dans un premier temps :<\/strong><\/span>\u00a0<span style=\"color: #000000;\">contactez-moi gr\u00e2ce au formulaire de contact, en me pr\u00e9cisant le volume d\u2019enregistrement (en nombre d\u2019heures ou de minutes), le niveau de retranscription que vous souhaitez (voir la liste ci-dessus), le type de fichier audio transmis, le nombre d\u2019intervenants, la qualit\u00e9 d&rsquo;enregistrement, le d\u00e9lai souhait\u00e9 (une heure d\u2019enregistrement repr\u00e9sente environ 7 \u00e0 8 heures de retranscription si l\u2019enregistrement est de bonne qualit\u00e9\u00a0comprenant \u00e9galement la mise en page et la relecture du document).<\/span><\/span><\/p>\n<p><span style=\"font-size: 12pt;\"><span style=\"color: #7ac6b6;\"><strong>Ensuite\u00a0:<\/strong><em>\u00a0<\/em><span style=\"color: #000000;\">s<\/span><\/span><span style=\"color: #000000;\">uite \u00e0 votre demande, je vous fais parvenir un devis gratuit et sans engagement de votre part.<\/span><\/span><\/p>\n<p><span style=\"font-size: 12pt;\"><span style=\"color: #7ac6b6;\"><strong>Puis :<\/strong> <\/span><span style=\"color: #000000;\">si le devis vous convient, vous me le retourner sign\u00e9 par mail.<\/span><\/span><\/p>\n<p><span style=\"font-size: 12pt;\"><span style=\"color: #7ac6b6;\"><strong>Enfin :<\/strong> <\/span><span style=\"color: #000000;\">d\u00e8s r\u00e9ception du devis sign\u00e9, je prends contact avec vous pour que vous puissiez me faire parvenir votre fichier audio (le moyen de transmission le plus simple \u00e9tant de transmettre votre fichier son par mail) ou votre fichier manuscrit (moyens de transmission \u00e0 d\u00e9finir ensemble), ainsi qu\u2019un document type de votre soci\u00e9t\u00e9\u00a0qui me servirait de mod\u00e8le (avec le logo, la taille et le style de la police\u00a0habituellement utilis\u00e9s) pour votre retranscription et vos consignes particuli\u00e8res.<\/span><\/span><\/p>\n<p><span style=\"font-size: 12pt;\"><span style=\"color: #7ac6b6;\"><strong>Pour finir :<\/strong> <\/span><span style=\"color: #000000;\">\u00a0je r\u00e9alise la prestation dans les d\u00e9lais convenus ensemble et vous transmets le fichier de vos documents retranscrits et relus par mail, ainsi que la facture. Dans le\u00a0cas d\u2019un grand nombre de retranscriptions confi\u00e9es, la facture globale vous sera envoy\u00e9e \u00e0 la fin du mois.<\/span><\/span><\/p>\n<h3><\/h3>\n<h3><\/h3>\n<h3><\/h3>\n<p>[\/et_pb_text][\/et_pb_column][\/et_pb_row][\/et_pb_section][et_pb_section bb_built=\u00a0\u00bb1&Prime; admin_label=\u00a0\u00bbSection\u00a0\u00bb fullwidth=\u00a0\u00bboff\u00a0\u00bb specialty=\u00a0\u00bboff\u00a0\u00bb][et_pb_row admin_label=\u00a0\u00bbLigne\u00a0\u00bb make_fullwidth=\u00a0\u00bboff\u00a0\u00bb use_custom_width=\u00a0\u00bboff\u00a0\u00bb width_unit=\u00a0\u00bbon\u00a0\u00bb use_custom_gutter=\u00a0\u00bboff\u00a0\u00bb allow_player_pause=\u00a0\u00bboff\u00a0\u00bb parallax=\u00a0\u00bboff\u00a0\u00bb parallax_method=\u00a0\u00bbon\u00a0\u00bb make_equal=\u00a0\u00bboff\u00a0\u00bb parallax_1=\u00a0\u00bboff\u00a0\u00bb parallax_method_1=\u00a0\u00bboff\u00a0\u00bb][et_pb_column type=\u00a0\u00bb4_4&Prime;][et_pb_text admin_label=\u00a0\u00bbTexte\u00a0\u00bb background_layout=\u00a0\u00bblight\u00a0\u00bb text_orientation=\u00a0\u00bbleft\u00a0\u00bb use_border_color=\u00a0\u00bboff\u00a0\u00bb border_color=\u00a0\u00bb#ffffff\u00a0\u00bb border_style=\u00a0\u00bbsolid\u00a0\u00bb]<\/p>\n<p style=\"text-align: center;\"><span style=\"color: #7ac6b6; font-size: 18pt;\"><strong>UNE QUESTION, UN NOUVEAU PROJET ? <\/strong><\/span><\/p>\n<p style=\"text-align: center;\"><span style=\"color: #7ac6b6; font-size: 18pt;\"><strong>DEVIS GRATUIT ET SANS ENGAGEMENT !<\/strong><\/span><\/p>\n<p style=\"text-align: center;\"><span style=\"font-size: 18pt;\"><a href=\"http:\/\/www.stilow.fr\/index.php\/assistante-independante\/\"><span style=\"color: #7ac6b6;\"><strong>CONTACTEZ-MOI !<\/strong><\/span><\/a><\/span><\/p>\n<p>[\/et_pb_text][\/et_pb_column][\/et_pb_row][et_pb_row admin_label=\u00a0\u00bbLigne\u00a0\u00bb][et_pb_column type=\u00a0\u00bb4_4&Prime;][et_pb_social_media_follow admin_label=\u00a0\u00bbSuivez-nous sur les r\u00e9seaux sociaux\u00a0\u00bb link_shape=\u00a0\u00bbcircle\u00a0\u00bb background_layout=\u00a0\u00bblight\u00a0\u00bb url_new_window=\u00a0\u00bboff\u00a0\u00bb follow_button=\u00a0\u00bbon\u00a0\u00bb] [et_pb_social_media_follow_network social_network=\u00a0\u00bbfacebook\u00a0\u00bb url=\u00a0\u00bbhttps:\/\/www.facebook.com\/stilow.secretariat\/\u00a0\u00bb skype_action=\u00a0\u00bbcall\u00a0\u00bb bg_color=\u00a0\u00bb#3b5998&Prime;] Facebook [\/et_pb_social_media_follow_network][et_pb_social_media_follow_network social_network=\u00a0\u00bbtwitter\u00a0\u00bb url=\u00a0\u00bbhttps:\/\/twitter.com\/stilow62&Prime; skype_action=\u00a0\u00bbcall\u00a0\u00bb bg_color=\u00a0\u00bb#00aced\u00a0\u00bb] Twitter [\/et_pb_social_media_follow_network][et_pb_social_media_follow_network social_network=\u00a0\u00bblinkedin\u00a0\u00bb url=\u00a0\u00bbhttps:\/\/www.linkedin.com\/in\/amelie-mignot-0957b3127\/\u00a0\u00bb skype_action=\u00a0\u00bbcall\u00a0\u00bb bg_color=\u00a0\u00bb#007bb6&Prime;] LinkedIn [\/et_pb_social_media_follow_network][et_pb_social_media_follow_network social_network=\u00a0\u00bbgoogle-plus\u00a0\u00bb url=\u00a0\u00bbhttps:\/\/plus.google.com\/u\/0\/118258079753783980273&Prime; skype_action=\u00a0\u00bbcall\u00a0\u00bb bg_color=\u00a0\u00bb#dd4b39&Prime;] Google+ [\/et_pb_social_media_follow_network] [\/et_pb_social_media_follow][\/et_pb_column][\/et_pb_row][\/et_pb_section]<\/p>\n<div style=\"padding-bottom:20px; padding-top:10px;\" class=\"hupso-share-buttons\"><!-- Hupso Share Buttons - https:\/\/www.hupso.com\/share\/ --><a class=\"hupso_toolbar\" href=\"https:\/\/www.hupso.com\/share\/\"><img src=\"https:\/\/static.hupso.com\/share\/buttons\/lang\/fr\/share-medium.png\" style=\"border:0px; padding-top: 5px; float:left;\" alt=\"Share Button\"\/><\/a><script type=\"text\/javascript\">var hupso_services_t=new Array(\"Twitter\",\"Facebook\",\"Google Plus\",\"Linkedin\");var hupso_background_t=\"#EAF4FF\";var hupso_border_t=\"#66CCFF\";var hupso_toolbar_size_t=\"medium\";var hupso_image_folder_url = \"\";var hupso_url_t=\"\";var hupso_title_t=\"Secr%C3%A9tariat%20administratif%20-%20Retranscription%20Audio\";<\/script><script type=\"text\/javascript\" src=\"https:\/\/static.hupso.com\/share\/js\/share_toolbar.js\"><\/script><!-- Hupso Share Buttons --><\/div>","protected":false},"excerpt":{"rendered":"<p>[et_pb_section bb_built=\u00a0\u00bb1&Prime; admin_label=\u00a0\u00bbSection\u00a0\u00bb fullwidth=\u00a0\u00bboff\u00a0\u00bb specialty=\u00a0\u00bboff\u00a0\u00bb][et_pb_row admin_label=\u00a0\u00bbLigne\u00a0\u00bb][et_pb_column type=\u00a0\u00bb4_4&Prime;][et_pb_text admin_label=\u00a0\u00bbTexte\u00a0\u00bb background_layout=\u00a0\u00bblight\u00a0\u00bb text_orientation=\u00a0\u00bbleft\u00a0\u00bb use_border_color=\u00a0\u00bboff\u00a0\u00bb border_color=\u00a0\u00bb#ffffff\u00a0\u00bb border_style=\u00a0\u00bbsolid\u00a0\u00bb] STILOW &#8211; SECR\u00c9TARIAT\u00a0EXTERNALISE Votre assistante ind\u00e9pendante vous propose de l&rsquo;assistance en secr\u00e9tariat administratif et en retranscription audio [\/et_pb_text][\/et_pb_column][\/et_pb_row][\/et_pb_section][et_pb_section bb_built=\u00a0\u00bb1&Prime; admin_label=\u00a0\u00bbsection\u00a0\u00bb][et_pb_row admin_label=\u00a0\u00bbrow\u00a0\u00bb][et_pb_column type=\u00a0\u00bb1_2&Prime;][et_pb_image admin_label=\u00a0\u00bbImage\u00a0\u00bb src=\u00a0\u00bbhttp:\/\/www.stilow.fr\/wp-content\/uploads\/2017\/06\/nuage-de-mots-secr\u00e9tariat-administratif-retranscription-audio.jpg\u00a0\u00bb alt=\u00a0\u00bbassistante ind\u00e9pendante, administratif, secr\u00e9tariat, retranscription\u00a0\u00bb title_text=\u00a0\u00bbfreelance-gestion-nord-pas-de-calais-transcription-publipostage\u00a0\u00bb show_in_lightbox=\u00a0\u00bboff\u00a0\u00bb url_new_window=\u00a0\u00bboff\u00a0\u00bb use_overlay=\u00a0\u00bboff\u00a0\u00bb animation=\u00a0\u00bboff\u00a0\u00bb sticky=\u00a0\u00bboff\u00a0\u00bb align=\u00a0\u00bbleft\u00a0\u00bb force_fullwidth=\u00a0\u00bboff\u00a0\u00bb always_center_on_mobile=\u00a0\u00bbon\u00a0\u00bb use_border_color=\u00a0\u00bboff\u00a0\u00bb border_color=\u00a0\u00bb#ffffff\u00a0\u00bb border_style=\u00a0\u00bbsolid\u00a0\u00bb \/][\/et_pb_column][et_pb_column [&hellip;]<\/p>\n","protected":false},"author":2,"featured_media":0,"parent":0,"menu_order":0,"comment_status":"closed","ping_status":"closed","template":"","meta":{"_et_pb_use_builder":"on","_et_pb_old_content":"","_et_gb_content_width":"","_monsterinsights_skip_tracking":false,"_monsterinsights_sitenote_active":false,"_monsterinsights_sitenote_note":"","_monsterinsights_sitenote_category":0},"yoast_head":"<!-- This site is optimized with the Yoast SEO plugin v15.5 - https:\/\/yoast.com\/wordpress\/plugins\/seo\/ -->\n<title>Secr\u00e9tariat administratif et retranscription audio - Assistante Ind\u00e9pendante<\/title>\n<meta name=\"description\" content=\"Nord-Pas-de-Calais. Secr\u00e9tariat administratif et retranscription (ou transcription) audio. Votre assistante ind\u00e9pendante intervient sur site et \u00e0 distance.\" \/>\n<meta name=\"robots\" content=\"index, follow, max-snippet:-1, max-image-preview:large, max-video-preview:-1\" \/>\n<link rel=\"canonical\" href=\"https:\/\/www.stilow.fr\/index.php\/secretariat-administratif-retranscription-audio\/\" \/>\n<meta property=\"og:locale\" content=\"fr_FR\" \/>\n<meta property=\"og:type\" content=\"article\" \/>\n<meta property=\"og:title\" content=\"Secr\u00e9tariat administratif et retranscription audio - Assistante Ind\u00e9pendante\" \/>\n<meta property=\"og:description\" content=\"Nord-Pas-de-Calais. Secr\u00e9tariat administratif et retranscription (ou transcription) audio. Votre assistante ind\u00e9pendante intervient sur site et \u00e0 distance.\" \/>\n<meta property=\"og:url\" content=\"https:\/\/www.stilow.fr\/index.php\/secretariat-administratif-retranscription-audio\/\" \/>\n<meta property=\"og:site_name\" content=\"Stilow - Assistante Secr\u00e9taire Ind\u00e9pendante - T\u00e9l\u00e9secr\u00e9tariat\" \/>\n<meta property=\"article:publisher\" content=\"https:\/\/www.facebook.com\/stilow.secretariat\/?ref=settings\" \/>\n<meta property=\"article:modified_time\" content=\"2017-07-06T08:08:25+00:00\" \/>\n<meta property=\"og:image\" content=\"http:\/\/www.stilow.fr\/wp-content\/uploads\/2017\/05\/freelance-gestion-nord-pas-de-calais-secretaire-classement-300x200.jpg\" \/>\n<meta name=\"twitter:card\" content=\"summary\" \/>\n<meta name=\"twitter:site\" content=\"@stilow62\" \/>\n<meta name=\"twitter:label1\" content=\"Dur\u00e9e de lecture est.\">\n\t<meta name=\"twitter:data1\" content=\"5 minutes\">\n<script type=\"application\/ld+json\" class=\"yoast-schema-graph\">{\"@context\":\"https:\/\/schema.org\",\"@graph\":[{\"@type\":\"Organization\",\"@id\":\"https:\/\/www.stilow.fr\/#organization\",\"name\":\"STILOW\",\"url\":\"https:\/\/www.stilow.fr\/\",\"sameAs\":[\"https:\/\/www.facebook.com\/stilow.secretariat\/?ref=settings\",\"https:\/\/www.linkedin.com\/in\/ameliemignot\",\"https:\/\/twitter.com\/stilow62\"],\"logo\":{\"@type\":\"ImageObject\",\"@id\":\"https:\/\/www.stilow.fr\/#logo\",\"inLanguage\":\"fr-FR\",\"url\":\"https:\/\/www.stilow.fr\/wp-content\/uploads\/2017\/05\/logo-stilow-assistante-independante-62.jpg\",\"width\":250,\"height\":250,\"caption\":\"STILOW\"},\"image\":{\"@id\":\"https:\/\/www.stilow.fr\/#logo\"}},{\"@type\":\"WebSite\",\"@id\":\"https:\/\/www.stilow.fr\/#website\",\"url\":\"https:\/\/www.stilow.fr\/\",\"name\":\"Stilow - Assistante Secr\\u00e9taire Ind\\u00e9pendante - T\\u00e9l\\u00e9secr\\u00e9tariat\",\"description\":\"Secr\\u00e9tariat Externalis\\u00e9 - Assistante de gestion ind\\u00e9pendante\",\"publisher\":{\"@id\":\"https:\/\/www.stilow.fr\/#organization\"},\"potentialAction\":[{\"@type\":\"SearchAction\",\"target\":\"https:\/\/www.stilow.fr\/?s={search_term_string}\",\"query-input\":\"required name=search_term_string\"}],\"inLanguage\":\"fr-FR\"},{\"@type\":\"ImageObject\",\"@id\":\"https:\/\/www.stilow.fr\/index.php\/secretariat-administratif-retranscription-audio\/#primaryimage\",\"inLanguage\":\"fr-FR\",\"url\":\"http:\/\/www.stilow.fr\/wp-content\/uploads\/2017\/05\/freelance-gestion-nord-pas-de-calais-secretaire-classement-300x200.jpg\"},{\"@type\":\"WebPage\",\"@id\":\"https:\/\/www.stilow.fr\/index.php\/secretariat-administratif-retranscription-audio\/#webpage\",\"url\":\"https:\/\/www.stilow.fr\/index.php\/secretariat-administratif-retranscription-audio\/\",\"name\":\"Secr\\u00e9tariat administratif et retranscription audio - Assistante Ind\\u00e9pendante\",\"isPartOf\":{\"@id\":\"https:\/\/www.stilow.fr\/#website\"},\"primaryImageOfPage\":{\"@id\":\"https:\/\/www.stilow.fr\/index.php\/secretariat-administratif-retranscription-audio\/#primaryimage\"},\"datePublished\":\"2017-06-26T15:20:03+00:00\",\"dateModified\":\"2017-07-06T08:08:25+00:00\",\"description\":\"Nord-Pas-de-Calais. Secr\\u00e9tariat administratif et retranscription (ou transcription) audio. Votre assistante ind\\u00e9pendante intervient sur site et \\u00e0 distance.\",\"inLanguage\":\"fr-FR\",\"potentialAction\":[{\"@type\":\"ReadAction\",\"target\":[\"https:\/\/www.stilow.fr\/index.php\/secretariat-administratif-retranscription-audio\/\"]}]}]}<\/script>\n<!-- \/ Yoast SEO plugin. -->","_links":{"self":[{"href":"https:\/\/www.stilow.fr\/index.php\/wp-json\/wp\/v2\/pages\/398"}],"collection":[{"href":"https:\/\/www.stilow.fr\/index.php\/wp-json\/wp\/v2\/pages"}],"about":[{"href":"https:\/\/www.stilow.fr\/index.php\/wp-json\/wp\/v2\/types\/page"}],"author":[{"embeddable":true,"href":"https:\/\/www.stilow.fr\/index.php\/wp-json\/wp\/v2\/users\/2"}],"replies":[{"embeddable":true,"href":"https:\/\/www.stilow.fr\/index.php\/wp-json\/wp\/v2\/comments?post=398"}],"version-history":[{"count":25,"href":"https:\/\/www.stilow.fr\/index.php\/wp-json\/wp\/v2\/pages\/398\/revisions"}],"predecessor-version":[{"id":529,"href":"https:\/\/www.stilow.fr\/index.php\/wp-json\/wp\/v2\/pages\/398\/revisions\/529"}],"wp:attachment":[{"href":"https:\/\/www.stilow.fr\/index.php\/wp-json\/wp\/v2\/media?parent=398"}],"curies":[{"name":"wp","href":"https:\/\/api.w.org\/{rel}","templated":true}]}}