{"id":250,"date":"2017-05-22T11:23:17","date_gmt":"2017-05-22T09:23:17","guid":{"rendered":"http:\/\/www.stilow.fr\/?page_id=250"},"modified":"2017-06-28T14:12:05","modified_gmt":"2017-06-28T12:12:05","slug":"a-propos","status":"publish","type":"page","link":"https:\/\/www.stilow.fr\/index.php\/a-propos\/","title":{"rendered":"A propos"},"content":{"rendered":"<div style=\"padding-bottom:20px; padding-top:10px;\" class=\"hupso-share-buttons\"><!-- Hupso Share Buttons - https:\/\/www.hupso.com\/share\/ --><a class=\"hupso_toolbar\" href=\"https:\/\/www.hupso.com\/share\/\"><img src=\"https:\/\/static.hupso.com\/share\/buttons\/lang\/fr\/share-medium.png\" style=\"border:0px; padding-top: 5px; float:left;\" alt=\"Share Button\"\/><\/a><script type=\"text\/javascript\">var hupso_services_t=new Array(\"Twitter\",\"Facebook\",\"Google Plus\",\"Linkedin\");var hupso_background_t=\"#EAF4FF\";var hupso_border_t=\"#66CCFF\";var hupso_toolbar_size_t=\"medium\";var hupso_image_folder_url = \"\";var hupso_url_t=\"\";var hupso_title_t=\"A%20propos\";<\/script><script type=\"text\/javascript\" src=\"https:\/\/static.hupso.com\/share\/js\/share_toolbar.js\"><\/script><!-- Hupso Share Buttons --><\/div><p>[et_pb_section bb_built=\u00a0\u00bb1&Prime; admin_label=\u00a0\u00bbsection\u00a0\u00bb][et_pb_row admin_label=\u00a0\u00bbrow\u00a0\u00bb][et_pb_column type=\u00a0\u00bb1_4&Prime;][et_pb_image admin_label=\u00a0\u00bbImage\u00a0\u00bb src=\u00a0\u00bbhttp:\/\/www.stilow.fr\/wp-content\/uploads\/2017\/05\/freelance-gestion-nord-pas-de-calais-secretaire-comptabilite-300&#215;300.png\u00a0\u00bb show_in_lightbox=\u00a0\u00bboff\u00a0\u00bb url_new_window=\u00a0\u00bboff\u00a0\u00bb use_overlay=\u00a0\u00bboff\u00a0\u00bb animation=\u00a0\u00bboff\u00a0\u00bb sticky=\u00a0\u00bboff\u00a0\u00bb align=\u00a0\u00bbleft\u00a0\u00bb force_fullwidth=\u00a0\u00bboff\u00a0\u00bb always_center_on_mobile=\u00a0\u00bbon\u00a0\u00bb use_border_color=\u00a0\u00bboff\u00a0\u00bb border_color=\u00a0\u00bb#ffffff\u00a0\u00bb border_style=\u00a0\u00bbsolid\u00a0\u00bb \/][\/et_pb_column][et_pb_column type=\u00a0\u00bb3_4&Prime;][et_pb_team_member admin_label=\u00a0\u00bbPersonne\u00a0\u00bb name=\u00a0\u00bbAm\u00e9lie MIGNOT\u00a0\u00bb position=\u00a0\u00bbVotre assistante de gestion ind\u00e9pendante\u00a0\u00bb animation=\u00a0\u00bboff\u00a0\u00bb background_layout=\u00a0\u00bblight\u00a0\u00bb use_border_color=\u00a0\u00bboff\u00a0\u00bb border_color=\u00a0\u00bb#ffffff\u00a0\u00bb border_style=\u00a0\u00bbsolid\u00a0\u00bb]<\/p>\n<p><span style=\"color: #000000; font-size: 12pt;\">Bonjour\u00a0!<\/span><\/p>\n<p><span style=\"color: #000000; font-size: 12pt;\">Je vous souhaite la bienvenue sur le site de STILOW votre secr\u00e9tariat externalis\u00e9\u00a0!<\/span><\/p>\n<p><span style=\"color: #000000; font-size: 12pt;\">Gr\u00e2ce \u00e0 mes 16 ann\u00e9es d\u2019exp\u00e9rience dont 11 ans comme assistante de gestion au sein d\u2019un groupe de services informatiques, j&rsquo;ai atteint un niveau d&rsquo;expertise \u00e9lev\u00e9 dans mon domaine de pr\u00e9dilection c&rsquo;est-\u00e0-dire la gestion administrative d&rsquo;entreprise.<\/span><\/p>\n<p><span style=\"color: #000000; font-size: 12pt;\">L&rsquo;envie de proposer mes services aux dirigeants, aux artisans, aux ind\u00e9pendants, aux professions lib\u00e9rales, m&rsquo;ont d\u00e9cid\u00e9s \u00e0 cr\u00e9er mon agence de secr\u00e9tariat externalis\u00e9 STILOW.<\/span><\/p>\n<p><span style=\"color: #000000; font-size: 12pt;\">Gr\u00e2ce \u00e0 mon exp\u00e9rience et \u00e0 mes comp\u00e9tences,\u00a0j\u2019ai\u00a0pu d\u00e9velopper de nombreuses qualit\u00e9s indispensables\u00a0pour r\u00e9ussir dans les missions qui m&rsquo;ont \u00e9t\u00e9 confi\u00e9es. Notamment, dans le domaine de la <strong>comptabilit\u00e9<\/strong> (<strong>Quadratus<\/strong> et <strong>Ciel<\/strong>), la <strong>gestion administrative du personnel<\/strong>, la <strong>gestion commerciale<\/strong>, etc\u2026<\/span><\/p>\n<p><span style=\"color: #000000; font-size: 12pt;\">Dirigeants d\u2019entreprise, artisans, professionnels dans le domaine juridique ou m\u00e9dical, vous n\u2019avez pas forc\u00e9ment le budget pour recruter une assistante en CDD ou CDI\u00a0? Votre assistante est absente\u00a0? Ou tout simplement la charge de travail ne permet pas l\u2019embauche d\u2019une assistante \u00e0 temps partiel\u00a0?<\/span><\/p>\n<p><span style=\"color: #000000; font-size: 12pt;\">Je peux vous aider\u00a0!\u00a0J\u2019aime les nouveaux challenges et celui qui me tient \u00e0 c\u0153ur est celui de vous accompagner dans la gestion administrative de votre entreprise pour vous\u00a0simplifier la vie.<\/span><\/p>\n<p><span style=\"color: #000000; font-size: 12pt;\">De plus, mes qualit\u00e9s relationnelles, ma r\u00e9activit\u00e9, ma polyvalence, mon autonomie, et ma minutie m&rsquo;ont toujours permis de r\u00e9ussir dans les missions qui m&rsquo;ont \u00e9t\u00e9 confi\u00e9es. Je serai ravie de vous en faire profiter !<\/span><\/p>\n<p><span style=\"color: #000000; font-size: 12pt;\">Dipl\u00f4m\u00e9e d\u2019un B.T.S. <strong>Assistante de Direction<\/strong> et d\u2019un Baccalaur\u00e9at S.M.S. (Sciences M\u00e9dico-Sociales),\u00a0mon objectif est de vous simplifier\u00a0la vie\u00a0en m\u2019occupant de votre <strong>secr\u00e9tariat administratif<\/strong>.<\/span><\/p>\n<p><span style=\"color: #000000; font-size: 12pt;\">Gagnez un temps pr\u00e9cieux et\u00a0consacrez-vous pleinement au\u00a0d\u00e9veloppement de votre activit\u00e9 !<\/span><\/p>\n<p>[\/et_pb_team_member][et_pb_social_media_follow admin_label=\u00a0\u00bbSuivez-nous sur les r\u00e9seaux sociaux\u00a0\u00bb link_shape=\u00a0\u00bbcircle\u00a0\u00bb background_layout=\u00a0\u00bblight\u00a0\u00bb url_new_window=\u00a0\u00bbon\u00a0\u00bb follow_button=\u00a0\u00bbon\u00a0\u00bb] [et_pb_social_media_follow_network social_network=\u00a0\u00bbfacebook\u00a0\u00bb url=\u00a0\u00bbhttps:\/\/www.facebook.com\/stilow.secretariat\/\u00a0\u00bb skype_action=\u00a0\u00bbcall\u00a0\u00bb bg_color=\u00a0\u00bb#3b5998&Prime;] Facebook [\/et_pb_social_media_follow_network][et_pb_social_media_follow_network social_network=\u00a0\u00bbtwitter\u00a0\u00bb url=\u00a0\u00bbhttps:\/\/twitter.com\/stilow62&Prime; skype_action=\u00a0\u00bbcall\u00a0\u00bb bg_color=\u00a0\u00bb#00aced\u00a0\u00bb] Twitter [\/et_pb_social_media_follow_network][et_pb_social_media_follow_network social_network=\u00a0\u00bblinkedin\u00a0\u00bb url=\u00a0\u00bbhttps:\/\/www.linkedin.com\/in\/amelie-mignot-0957b3127\/\u00a0\u00bb skype_action=\u00a0\u00bbcall\u00a0\u00bb bg_color=\u00a0\u00bb#007bb6&Prime;] LinkedIn [\/et_pb_social_media_follow_network][et_pb_social_media_follow_network social_network=\u00a0\u00bbgoogle-plus\u00a0\u00bb url=\u00a0\u00bbhttps:\/\/plus.google.com\/u\/0\/118258079753783980273&Prime; skype_action=\u00a0\u00bbcall\u00a0\u00bb bg_color=\u00a0\u00bb#dd4b39&Prime;] Google+ [\/et_pb_social_media_follow_network] [\/et_pb_social_media_follow][\/et_pb_column][\/et_pb_row][\/et_pb_section][et_pb_section bb_built=\u00a0\u00bb1&Prime; admin_label=\u00a0\u00bbSection\u00a0\u00bb fullwidth=\u00a0\u00bboff\u00a0\u00bb specialty=\u00a0\u00bboff\u00a0\u00bb][et_pb_row admin_label=\u00a0\u00bbLigne\u00a0\u00bb][et_pb_column type=\u00a0\u00bb4_4&Prime;][et_pb_text admin_label=\u00a0\u00bbTexte\u00a0\u00bb background_layout=\u00a0\u00bblight\u00a0\u00bb text_orientation=\u00a0\u00bbleft\u00a0\u00bb use_border_color=\u00a0\u00bboff\u00a0\u00bb border_color=\u00a0\u00bb#ffffff\u00a0\u00bb border_style=\u00a0\u00bbsolid\u00a0\u00bb]<\/p>\n<h3 style=\"text-align: center;\"><strong><span style=\"color: #7ac6b6;\"><a style=\"color: #7ac6b6;\" href=\"http:\/\/www.stilow.fr\/contact\/\">UNE QUESTION, UN NOUVEAU PROJET ? DEVIS GRATUIT ET SANS ENGAGEMENT !<\/a><\/span><\/strong><\/h3>\n<h3 style=\"text-align: center;\"><a href=\"http:\/\/www.stilow.fr\/index.php\/contact\/\"><strong><span style=\"color: #7ac6b6;\">CONTACTEZ-MOI\u00a0!<\/span><\/strong><\/a><\/h3>\n<p>[\/et_pb_text][\/et_pb_column][\/et_pb_row][\/et_pb_section]<\/p>\n<div style=\"padding-bottom:20px; padding-top:10px;\" class=\"hupso-share-buttons\"><!-- Hupso Share Buttons - https:\/\/www.hupso.com\/share\/ --><a class=\"hupso_toolbar\" href=\"https:\/\/www.hupso.com\/share\/\"><img src=\"https:\/\/static.hupso.com\/share\/buttons\/lang\/fr\/share-medium.png\" style=\"border:0px; padding-top: 5px; float:left;\" alt=\"Share Button\"\/><\/a><script type=\"text\/javascript\">var hupso_services_t=new Array(\"Twitter\",\"Facebook\",\"Google Plus\",\"Linkedin\");var hupso_background_t=\"#EAF4FF\";var hupso_border_t=\"#66CCFF\";var hupso_toolbar_size_t=\"medium\";var hupso_image_folder_url = \"\";var hupso_url_t=\"\";var hupso_title_t=\"A%20propos\";<\/script><script type=\"text\/javascript\" src=\"https:\/\/static.hupso.com\/share\/js\/share_toolbar.js\"><\/script><!-- Hupso Share Buttons --><\/div>","protected":false},"excerpt":{"rendered":"<p>[et_pb_section bb_built=\u00a0\u00bb1&Prime; admin_label=\u00a0\u00bbsection\u00a0\u00bb][et_pb_row admin_label=\u00a0\u00bbrow\u00a0\u00bb][et_pb_column type=\u00a0\u00bb1_4&Prime;][et_pb_image admin_label=\u00a0\u00bbImage\u00a0\u00bb src=\u00a0\u00bbhttp:\/\/www.stilow.fr\/wp-content\/uploads\/2017\/05\/freelance-gestion-nord-pas-de-calais-secretaire-comptabilite-300&#215;300.png\u00a0\u00bb show_in_lightbox=\u00a0\u00bboff\u00a0\u00bb url_new_window=\u00a0\u00bboff\u00a0\u00bb use_overlay=\u00a0\u00bboff\u00a0\u00bb animation=\u00a0\u00bboff\u00a0\u00bb sticky=\u00a0\u00bboff\u00a0\u00bb align=\u00a0\u00bbleft\u00a0\u00bb force_fullwidth=\u00a0\u00bboff\u00a0\u00bb always_center_on_mobile=\u00a0\u00bbon\u00a0\u00bb use_border_color=\u00a0\u00bboff\u00a0\u00bb border_color=\u00a0\u00bb#ffffff\u00a0\u00bb border_style=\u00a0\u00bbsolid\u00a0\u00bb \/][\/et_pb_column][et_pb_column type=\u00a0\u00bb3_4&Prime;][et_pb_team_member admin_label=\u00a0\u00bbPersonne\u00a0\u00bb name=\u00a0\u00bbAm\u00e9lie MIGNOT\u00a0\u00bb position=\u00a0\u00bbVotre assistante de gestion ind\u00e9pendante\u00a0\u00bb animation=\u00a0\u00bboff\u00a0\u00bb background_layout=\u00a0\u00bblight\u00a0\u00bb use_border_color=\u00a0\u00bboff\u00a0\u00bb border_color=\u00a0\u00bb#ffffff\u00a0\u00bb border_style=\u00a0\u00bbsolid\u00a0\u00bb] Bonjour\u00a0! Je vous souhaite la bienvenue sur le site de STILOW votre secr\u00e9tariat externalis\u00e9\u00a0! Gr\u00e2ce \u00e0 mes 16 ann\u00e9es d\u2019exp\u00e9rience dont 11 [&hellip;]<\/p>\n","protected":false},"author":2,"featured_media":0,"parent":0,"menu_order":0,"comment_status":"closed","ping_status":"closed","template":"","meta":{"_et_pb_use_builder":"on","_et_pb_old_content":"","_et_gb_content_width":"","_monsterinsights_skip_tracking":false,"_monsterinsights_sitenote_active":false,"_monsterinsights_sitenote_note":"","_monsterinsights_sitenote_category":0},"yoast_head":"<!-- This site is optimized with the Yoast SEO plugin v15.5 - https:\/\/yoast.com\/wordpress\/plugins\/seo\/ -->\n<title>A propos - Stilow - Assistante Secr\u00e9taire Ind\u00e9pendante - T\u00e9l\u00e9secr\u00e9tariat<\/title>\n<meta name=\"description\" content=\"Nord-Pas-de-Calais. STILOW - Secr\u00e9tariat Externalis\u00e9. Votre assistante ind\u00e9pendante sp\u00e9cialis\u00e9e en assistance en gestion d&#039;entreprise.\" \/>\n<meta name=\"robots\" content=\"index, follow, max-snippet:-1, max-image-preview:large, max-video-preview:-1\" \/>\n<link rel=\"canonical\" href=\"https:\/\/www.stilow.fr\/index.php\/a-propos\/\" \/>\n<meta property=\"og:locale\" content=\"fr_FR\" \/>\n<meta property=\"og:type\" content=\"article\" \/>\n<meta property=\"og:title\" content=\"A propos - Stilow - Assistante Secr\u00e9taire Ind\u00e9pendante - T\u00e9l\u00e9secr\u00e9tariat\" \/>\n<meta property=\"og:description\" content=\"Nord-Pas-de-Calais. STILOW - Secr\u00e9tariat Externalis\u00e9. Votre assistante ind\u00e9pendante sp\u00e9cialis\u00e9e en assistance en gestion d&#039;entreprise.\" \/>\n<meta property=\"og:url\" content=\"https:\/\/www.stilow.fr\/index.php\/a-propos\/\" \/>\n<meta property=\"og:site_name\" content=\"Stilow - Assistante Secr\u00e9taire Ind\u00e9pendante - T\u00e9l\u00e9secr\u00e9tariat\" \/>\n<meta property=\"article:publisher\" content=\"https:\/\/www.facebook.com\/stilow.secretariat\/?ref=settings\" \/>\n<meta property=\"article:modified_time\" content=\"2017-06-28T12:12:05+00:00\" \/>\n<meta name=\"twitter:card\" content=\"summary\" \/>\n<meta name=\"twitter:site\" content=\"@stilow62\" \/>\n<meta name=\"twitter:label1\" content=\"Dur\u00e9e de lecture est.\">\n\t<meta name=\"twitter:data1\" content=\"3 minutes\">\n<script type=\"application\/ld+json\" class=\"yoast-schema-graph\">{\"@context\":\"https:\/\/schema.org\",\"@graph\":[{\"@type\":\"Organization\",\"@id\":\"https:\/\/www.stilow.fr\/#organization\",\"name\":\"STILOW\",\"url\":\"https:\/\/www.stilow.fr\/\",\"sameAs\":[\"https:\/\/www.facebook.com\/stilow.secretariat\/?ref=settings\",\"https:\/\/www.linkedin.com\/in\/ameliemignot\",\"https:\/\/twitter.com\/stilow62\"],\"logo\":{\"@type\":\"ImageObject\",\"@id\":\"https:\/\/www.stilow.fr\/#logo\",\"inLanguage\":\"fr-FR\",\"url\":\"https:\/\/www.stilow.fr\/wp-content\/uploads\/2017\/05\/logo-stilow-assistante-independante-62.jpg\",\"width\":250,\"height\":250,\"caption\":\"STILOW\"},\"image\":{\"@id\":\"https:\/\/www.stilow.fr\/#logo\"}},{\"@type\":\"WebSite\",\"@id\":\"https:\/\/www.stilow.fr\/#website\",\"url\":\"https:\/\/www.stilow.fr\/\",\"name\":\"Stilow - Assistante Secr\\u00e9taire Ind\\u00e9pendante - T\\u00e9l\\u00e9secr\\u00e9tariat\",\"description\":\"Secr\\u00e9tariat Externalis\\u00e9 - Assistante de gestion ind\\u00e9pendante\",\"publisher\":{\"@id\":\"https:\/\/www.stilow.fr\/#organization\"},\"potentialAction\":[{\"@type\":\"SearchAction\",\"target\":\"https:\/\/www.stilow.fr\/?s={search_term_string}\",\"query-input\":\"required name=search_term_string\"}],\"inLanguage\":\"fr-FR\"},{\"@type\":\"WebPage\",\"@id\":\"https:\/\/www.stilow.fr\/index.php\/a-propos\/#webpage\",\"url\":\"https:\/\/www.stilow.fr\/index.php\/a-propos\/\",\"name\":\"A propos - Stilow - Assistante Secr\\u00e9taire Ind\\u00e9pendante - T\\u00e9l\\u00e9secr\\u00e9tariat\",\"isPartOf\":{\"@id\":\"https:\/\/www.stilow.fr\/#website\"},\"datePublished\":\"2017-05-22T09:23:17+00:00\",\"dateModified\":\"2017-06-28T12:12:05+00:00\",\"description\":\"Nord-Pas-de-Calais. STILOW - Secr\\u00e9tariat Externalis\\u00e9. Votre assistante ind\\u00e9pendante sp\\u00e9cialis\\u00e9e en assistance en gestion d'entreprise.\",\"inLanguage\":\"fr-FR\",\"potentialAction\":[{\"@type\":\"ReadAction\",\"target\":[\"https:\/\/www.stilow.fr\/index.php\/a-propos\/\"]}]}]}<\/script>\n<!-- \/ Yoast SEO plugin. -->","_links":{"self":[{"href":"https:\/\/www.stilow.fr\/index.php\/wp-json\/wp\/v2\/pages\/250"}],"collection":[{"href":"https:\/\/www.stilow.fr\/index.php\/wp-json\/wp\/v2\/pages"}],"about":[{"href":"https:\/\/www.stilow.fr\/index.php\/wp-json\/wp\/v2\/types\/page"}],"author":[{"embeddable":true,"href":"https:\/\/www.stilow.fr\/index.php\/wp-json\/wp\/v2\/users\/2"}],"replies":[{"embeddable":true,"href":"https:\/\/www.stilow.fr\/index.php\/wp-json\/wp\/v2\/comments?post=250"}],"version-history":[{"count":9,"href":"https:\/\/www.stilow.fr\/index.php\/wp-json\/wp\/v2\/pages\/250\/revisions"}],"predecessor-version":[{"id":497,"href":"https:\/\/www.stilow.fr\/index.php\/wp-json\/wp\/v2\/pages\/250\/revisions\/497"}],"wp:attachment":[{"href":"https:\/\/www.stilow.fr\/index.php\/wp-json\/wp\/v2\/media?parent=250"}],"curies":[{"name":"wp","href":"https:\/\/api.w.org\/{rel}","templated":true}]}}