{"id":231,"date":"2017-05-22T09:51:52","date_gmt":"2017-05-22T07:51:52","guid":{"rendered":"http:\/\/www.stilow.fr\/?page_id=231"},"modified":"2017-10-13T11:01:16","modified_gmt":"2017-10-13T09:01:16","slug":"assistance-en-gestion-dentreprise","status":"publish","type":"page","link":"https:\/\/www.stilow.fr\/index.php\/assistance-en-gestion-dentreprise\/","title":{"rendered":"Gestion d&rsquo;entreprise"},"content":{"rendered":"<div style=\"padding-bottom:20px; padding-top:10px;\" class=\"hupso-share-buttons\"><!-- Hupso Share Buttons - https:\/\/www.hupso.com\/share\/ --><a class=\"hupso_toolbar\" href=\"https:\/\/www.hupso.com\/share\/\"><img src=\"https:\/\/static.hupso.com\/share\/buttons\/lang\/fr\/share-medium.png\" style=\"border:0px; padding-top: 5px; float:left;\" alt=\"Share Button\"\/><\/a><script type=\"text\/javascript\">var hupso_services_t=new Array(\"Twitter\",\"Facebook\",\"Google Plus\",\"Linkedin\");var hupso_background_t=\"#EAF4FF\";var hupso_border_t=\"#66CCFF\";var hupso_toolbar_size_t=\"medium\";var hupso_image_folder_url = \"\";var hupso_url_t=\"\";var hupso_title_t=\"Gestion%20d%27entreprise\";<\/script><script type=\"text\/javascript\" src=\"https:\/\/static.hupso.com\/share\/js\/share_toolbar.js\"><\/script><!-- Hupso Share Buttons --><\/div><p>[et_pb_section bb_built=\u00a0\u00bb1&Prime; admin_label=\u00a0\u00bbSection\u00a0\u00bb fullwidth=\u00a0\u00bboff\u00a0\u00bb specialty=\u00a0\u00bboff\u00a0\u00bb][et_pb_row admin_label=\u00a0\u00bbLigne\u00a0\u00bb][et_pb_column type=\u00a0\u00bb4_4&Prime;][et_pb_text admin_label=\u00a0\u00bbTexte\u00a0\u00bb background_layout=\u00a0\u00bblight\u00a0\u00bb text_orientation=\u00a0\u00bbleft\u00a0\u00bb use_border_color=\u00a0\u00bboff\u00a0\u00bb border_color=\u00a0\u00bb#ffffff\u00a0\u00bb border_style=\u00a0\u00bbsolid\u00a0\u00bb]<\/p>\n<h1 style=\"text-align: center;\"><strong><span style=\"color: #7ac6b6;\"><span style=\"font-size: 18pt;\">STILOW &#8211; <\/span><span style=\"font-size: 24px;\">SECR\u00c9TARIAT<\/span><span style=\"font-size: 18pt;\">\u00a0EXTERNALISE<\/span><\/span><\/strong><\/h1>\n<h1 style=\"text-align: center;\"><span style=\"font-size: 18pt; color: #7ac6b6;\"><strong>Votre assistante ind\u00e9pendante vous propose de l&rsquo;assistance administrative en gestion d&rsquo;entreprise, en ressources humaines, en recrutement et formation<\/strong><\/span><\/h1>\n<p>[\/et_pb_text][\/et_pb_column][\/et_pb_row][\/et_pb_section][et_pb_section bb_built=\u00a0\u00bb1&Prime; admin_label=\u00a0\u00bbsection\u00a0\u00bb][et_pb_row admin_label=\u00a0\u00bbrow\u00a0\u00bb][et_pb_column type=\u00a0\u00bb1_2&Prime;][et_pb_image admin_label=\u00a0\u00bbImage\u00a0\u00bb src=\u00a0\u00bbhttp:\/\/www.stilow.fr\/wp-content\/uploads\/2017\/06\/Nuage-de-mots-gestion-dentreprise.jpg\u00a0\u00bb show_in_lightbox=\u00a0\u00bboff\u00a0\u00bb url_new_window=\u00a0\u00bboff\u00a0\u00bb use_overlay=\u00a0\u00bboff\u00a0\u00bb animation=\u00a0\u00bboff\u00a0\u00bb sticky=\u00a0\u00bboff\u00a0\u00bb align=\u00a0\u00bbleft\u00a0\u00bb force_fullwidth=\u00a0\u00bboff\u00a0\u00bb always_center_on_mobile=\u00a0\u00bbon\u00a0\u00bb use_border_color=\u00a0\u00bboff\u00a0\u00bb border_color=\u00a0\u00bb#ffffff\u00a0\u00bb border_style=\u00a0\u00bbsolid\u00a0\u00bb \/][\/et_pb_column][et_pb_column type=\u00a0\u00bb1_2&Prime;][et_pb_text admin_label=\u00a0\u00bbTexte\u00a0\u00bb background_layout=\u00a0\u00bblight\u00a0\u00bb text_orientation=\u00a0\u00bbleft\u00a0\u00bb use_border_color=\u00a0\u00bboff\u00a0\u00bb border_color=\u00a0\u00bb#ffffff\u00a0\u00bb border_style=\u00a0\u00bbsolid\u00a0\u00bb]<\/p>\n<p style=\"text-align: center;\"><span style=\"font-size: 12pt; color: #000000;\">Vous avez des p\u00e9nalit\u00e9s de retard suite \u00e0 l&rsquo;envoi tardif de vos <strong>d\u00e9clarations de TVA<\/strong> ?<\/span><\/p>\n<p style=\"text-align: center;\"><span style=\"font-size: 12pt; color: #000000;\">Par manque de temps vous ne pouvez pas <strong>relancer vos clients<\/strong> concernant vos\u00a0<strong>factures impay\u00e9es<\/strong> et votre tr\u00e9sorerie en est impact\u00e9e ?<\/span><\/p>\n<p style=\"text-align: center;\"><span style=\"font-size: 12pt; color: #000000;\">L&rsquo;<strong>expert-comptable<\/strong> vous relance r\u00e9guli\u00e8rement pour obtenir vos \u00e9l\u00e9ments comptables mais vous \u00eates d\u00e9bord\u00e9s par votre activit\u00e9 et vous ne pouvez le faire en temps et en heure ?<\/span><\/p>\n<p style=\"text-align: center;\"><span style=\"font-size: 12pt; color: #000000;\">Votre <strong>secr\u00e9taire\u00a0administrative<\/strong> est absente et le retard administratif s&rsquo;accumule ?<\/span><\/p>\n<p style=\"text-align: center;\"><span style=\"font-size: 12pt;\"><strong><span style=\"color: #7ac6b6;\">Votre assistante de gestion ind\u00e9pendante est l\u00e0 pour vous \u00e9pauler !<\/span><\/strong><\/span><\/p>\n<p>[\/et_pb_text][\/et_pb_column][\/et_pb_row][\/et_pb_section][et_pb_section bb_built=\u00a0\u00bb1&Prime; admin_label=\u00a0\u00bbSection\u00a0\u00bb fullwidth=\u00a0\u00bboff\u00a0\u00bb specialty=\u00a0\u00bboff\u00a0\u00bb][et_pb_row admin_label=\u00a0\u00bbLigne\u00a0\u00bb][et_pb_column type=\u00a0\u00bb4_4&Prime;][et_pb_text admin_label=\u00a0\u00bbTexte\u00a0\u00bb background_layout=\u00a0\u00bblight\u00a0\u00bb text_orientation=\u00a0\u00bbleft\u00a0\u00bb use_border_color=\u00a0\u00bboff\u00a0\u00bb border_color=\u00a0\u00bb#ffffff\u00a0\u00bb border_style=\u00a0\u00bbsolid\u00a0\u00bb]<\/p>\n<p><span style=\"color: #000000; font-size: 12pt;\">STILOW &#8211; Secr\u00e9tariat Externalis\u00e9 est certainement la solution qu&rsquo;il vous faut ! <\/span><\/p>\n<p><span style=\"color: #000000; font-size: 12pt;\">En effet, vous souhaitez que votre entreprise soit reconnue\u00a0par vos collaborateurs et vos partenaires ext\u00e9rieurs comme une entreprise s\u00e9rieuse et r\u00e9active. Mais l&rsquo;excellente r\u00e9putation de votre soci\u00e9t\u00e9 passe ind\u00e9niablement par une bonne <strong>gestion<\/strong>\u00a0administrative de votre entreprise. Surtout ne laissez plus le retard administratif s&rsquo;accumuler et ternir votre image !\u00a0<\/span><\/p>\n<p><span style=\"font-size: 12pt; color: #000000;\">Je\u00a0vous accompagne et vous apporte des solutions sur mesure pour r\u00e9pondre au mieux \u00e0 vos besoins. J&rsquo;interviens \u00e0 distance ou sur site, de fa\u00e7on ponctuelle ou r\u00e9guli\u00e8re. Bien entendu, je vous propose diff\u00e9rents types de prestations administratives vari\u00e9es et compl\u00e9mentaires :<\/span><\/p>\n<p>[\/et_pb_text][\/et_pb_column][\/et_pb_row][\/et_pb_section][et_pb_section bb_built=\u00a0\u00bb1&Prime; admin_label=\u00a0\u00bbSection\u00a0\u00bb fullwidth=\u00a0\u00bboff\u00a0\u00bb specialty=\u00a0\u00bboff\u00a0\u00bb][et_pb_row admin_label=\u00a0\u00bbLigne\u00a0\u00bb][et_pb_column type=\u00a0\u00bb2_3&Prime;][et_pb_text admin_label=\u00a0\u00bbTexte\u00a0\u00bb background_layout=\u00a0\u00bblight\u00a0\u00bb text_orientation=\u00a0\u00bbleft\u00a0\u00bb use_border_color=\u00a0\u00bboff\u00a0\u00bb border_color=\u00a0\u00bb#ffffff\u00a0\u00bb border_style=\u00a0\u00bbsolid\u00a0\u00bb]<\/p>\n<h1><span style=\"font-size: 18pt;\"><strong><span style=\"color: #7ac6b6;\">Tout d&rsquo;abord de l&rsquo;assistance administrative en gestion d&rsquo;entreprise (QUADRATUS et CIEL) :<\/span><\/strong><\/span><\/h1>\n<p>&nbsp;<\/p>\n<ul>\n<li><span style=\"color: #000000; font-size: 12pt;\">Lettrage et justification des comptes clients et fournisseurs<\/span><\/li>\n<li><span style=\"font-size: 12pt;\"><strong><span style=\"color: #000000;\">Rapprochement bancaire<\/span><\/strong><\/span><\/li>\n<li><span style=\"color: #000000; font-size: 12pt;\"><strong>D\u00e9claration de TVA<\/strong><\/span><\/li>\n<li><span style=\"color: #000000; font-size: 12pt;\">Contr\u00f4le et mise en <strong>paiement des factures<\/strong> fournisseurs, des cotisations sociales, des salaires, etc\u2026<\/span><\/li>\n<li><span style=\"color: #000000; font-size: 12pt;\">Pr\u00e9paration de tous les <strong>documents comptables<\/strong> pour votre\u00a0<strong>expert-comptable<\/strong><\/span><\/li>\n<li><span style=\"color: #000000; font-size: 12pt;\">R\u00e9daction des <strong>devis<\/strong>, contrats commerciaux<\/span><\/li>\n<li><span style=\"color: #000000; font-size: 12pt;\">Saisie des bons de commandes<\/span><\/li>\n<li><span style=\"font-size: 12pt;\"><strong><span style=\"color: #000000;\">Facturation<\/span><\/strong><\/span><\/li>\n<li><span style=\"color: #000000; font-size: 12pt;\">Gestion des <strong>relances clients<\/strong><\/span><\/li>\n<\/ul>\n<p>[\/et_pb_text][\/et_pb_column][et_pb_column type=\u00a0\u00bb1_3&Prime;][et_pb_image admin_label=\u00a0\u00bbImage\u00a0\u00bb src=\u00a0\u00bbhttp:\/\/www.stilow.fr\/wp-content\/uploads\/2017\/06\/freelance-gestion-nord-pas-de-calais-secretaire-quadratus.jpg\u00a0\u00bb show_in_lightbox=\u00a0\u00bboff\u00a0\u00bb url_new_window=\u00a0\u00bboff\u00a0\u00bb use_overlay=\u00a0\u00bboff\u00a0\u00bb animation=\u00a0\u00bboff\u00a0\u00bb sticky=\u00a0\u00bboff\u00a0\u00bb align=\u00a0\u00bbleft\u00a0\u00bb force_fullwidth=\u00a0\u00bboff\u00a0\u00bb always_center_on_mobile=\u00a0\u00bbon\u00a0\u00bb use_border_color=\u00a0\u00bboff\u00a0\u00bb border_color=\u00a0\u00bb#ffffff\u00a0\u00bb border_style=\u00a0\u00bbsolid\u00a0\u00bb \/][\/et_pb_column][\/et_pb_row][\/et_pb_section][et_pb_section bb_built=\u00a0\u00bb1&Prime; admin_label=\u00a0\u00bbSection\u00a0\u00bb fullwidth=\u00a0\u00bboff\u00a0\u00bb specialty=\u00a0\u00bboff\u00a0\u00bb][et_pb_row admin_label=\u00a0\u00bbLigne\u00a0\u00bb][et_pb_column type=\u00a0\u00bb1_3&Prime;][et_pb_image admin_label=\u00a0\u00bbImage\u00a0\u00bb src=\u00a0\u00bbhttp:\/\/www.stilow.fr\/wp-content\/uploads\/2017\/06\/freelance-gestion-nord-pas-de-calais-secretaire-dactylo.jpg\u00a0\u00bb show_in_lightbox=\u00a0\u00bboff\u00a0\u00bb url_new_window=\u00a0\u00bboff\u00a0\u00bb use_overlay=\u00a0\u00bboff\u00a0\u00bb animation=\u00a0\u00bboff\u00a0\u00bb sticky=\u00a0\u00bboff\u00a0\u00bb align=\u00a0\u00bbleft\u00a0\u00bb force_fullwidth=\u00a0\u00bboff\u00a0\u00bb always_center_on_mobile=\u00a0\u00bbon\u00a0\u00bb use_border_color=\u00a0\u00bboff\u00a0\u00bb border_color=\u00a0\u00bb#ffffff\u00a0\u00bb border_style=\u00a0\u00bbsolid\u00a0\u00bb \/][\/et_pb_column][et_pb_column type=\u00a0\u00bb2_3&Prime;][et_pb_text admin_label=\u00a0\u00bbTexte\u00a0\u00bb background_layout=\u00a0\u00bblight\u00a0\u00bb text_orientation=\u00a0\u00bbleft\u00a0\u00bb use_border_color=\u00a0\u00bboff\u00a0\u00bb border_color=\u00a0\u00bb#ffffff\u00a0\u00bb border_style=\u00a0\u00bbsolid\u00a0\u00bb]<\/p>\n<h1><span style=\"font-size: 18pt;\"><strong><span style=\"color: #7ac6b6;\">Ensuite de l&rsquo;assistance administrative en ressources humaines\u00a0:<\/span><\/strong><\/span><\/h1>\n<ul>\n<li><span style=\"color: #000000; font-size: 12pt;\">Transmission des \u00e9l\u00e9ments de <strong>paie<\/strong> \u00e0 votre\u00a0<strong>cabinet comptable<\/strong>, contr\u00f4le des fiches de paie, etc\u2026<\/span><\/li>\n<li><span style=\"color: #000000; font-size: 12pt;\">Gestion des <strong>CP<\/strong>, <strong>RTT<\/strong>,<strong> arr\u00eats maladie<\/strong>\u00a0(attestation de salaire \u00e0 destination de la CPAM)<\/span><\/li>\n<li><span style=\"color: #000000; font-size: 12pt;\">Contr\u00f4le et mise en paiement des <strong>notes de frais<\/strong><\/span><\/li>\n<li><span style=\"color: #000000; font-size: 12pt;\">Gestion des <strong>tickets restaurant<\/strong>, des visites m\u00e9dicales obligatoires, des <strong>\u00e9lections du personnel<\/strong>, de l<strong>&lsquo;int\u00e9ressement<\/strong>, de l\u2019<strong>actionnariat<\/strong>, etc\u2026<\/span><\/li>\n<\/ul>\n<p><strong><span style=\"color: #7ac6b6;\">\u00a0<\/span><\/strong><\/p>\n<h1><\/h1>\n<p>[\/et_pb_text][\/et_pb_column][\/et_pb_row][\/et_pb_section][et_pb_section bb_built=\u00a0\u00bb1&Prime; admin_label=\u00a0\u00bbSection\u00a0\u00bb fullwidth=\u00a0\u00bboff\u00a0\u00bb specialty=\u00a0\u00bboff\u00a0\u00bb][et_pb_row admin_label=\u00a0\u00bbLigne\u00a0\u00bb][et_pb_column type=\u00a0\u00bb2_3&Prime;][et_pb_text admin_label=\u00a0\u00bbTexte\u00a0\u00bb background_layout=\u00a0\u00bblight\u00a0\u00bb text_orientation=\u00a0\u00bbleft\u00a0\u00bb use_border_color=\u00a0\u00bboff\u00a0\u00bb border_color=\u00a0\u00bb#ffffff\u00a0\u00bb border_style=\u00a0\u00bbsolid\u00a0\u00bb]<\/p>\n<h1><span style=\"font-size: 18pt; color: #7ac6b6;\"><strong>Puis de l&rsquo;assistance administrative en recrutement et formation\u00a0:<\/strong><\/span><\/h1>\n<ul>\n<li><span style=\"color: #000000; font-size: 12pt;\">Mise en place des campagnes de <strong>recrutement<\/strong> (presse, internet, forums et organisation de journ\u00e9es de recrutement)<\/span><\/li>\n<li><span style=\"color: #000000; font-size: 12pt;\">S\u00e9lection des candidatures, entretien individuel avec les candidats, etc&#8230;<\/span><\/li>\n<li><span style=\"color: #000000; font-size: 12pt;\">Gestion du dossier d\u2019embauche du candidat (<strong>contrat de travail<\/strong>, <strong>mutuelle<\/strong>, <strong>pr\u00e9voyance<\/strong>, <strong>DPAE<\/strong>, <strong>visite m\u00e9dicale<\/strong>, etc\u2026)<\/span><\/li>\n<li><span style=\"color: #000000; font-size: 12pt;\">Traitement des demandes de <strong>formation<\/strong> du personnel (inscription, demande de prise en charge aupr\u00e8s de l\u2019<strong>OPCA<\/strong>, etc\u2026)<\/span><\/li>\n<li><span style=\"color: #000000; font-size: 12pt;\">Gestion des dossiers des <strong>contrats d\u2019apprentissage<\/strong> et de professionnalisation, etc\u2026<\/span><\/li>\n<\/ul>\n<p>&nbsp;<\/p>\n<p><span style=\"color: #000000; font-size: 12pt;\">Bien s\u00fbr, cette liste est non exhaustive. Si votre besoin\u00a0ne figure pas dans la liste ci-dessus, je vous invite \u00e0 me contacter afin d&rsquo;\u00e9tudier\u00a0ensemble une solution sur mesure r\u00e9pondant \u00e0 votre besoin.<\/span><\/p>\n<p>[\/et_pb_text][\/et_pb_column][et_pb_column type=\u00a0\u00bb1_3&Prime;][et_pb_image admin_label=\u00a0\u00bbImage\u00a0\u00bb src=\u00a0\u00bbhttp:\/\/www.stilow.fr\/wp-content\/uploads\/2017\/06\/Nuage-de-mots-recrutement-formation.jpg\u00a0\u00bb show_in_lightbox=\u00a0\u00bboff\u00a0\u00bb url_new_window=\u00a0\u00bboff\u00a0\u00bb use_overlay=\u00a0\u00bboff\u00a0\u00bb animation=\u00a0\u00bboff\u00a0\u00bb sticky=\u00a0\u00bboff\u00a0\u00bb align=\u00a0\u00bbleft\u00a0\u00bb force_fullwidth=\u00a0\u00bboff\u00a0\u00bb always_center_on_mobile=\u00a0\u00bbon\u00a0\u00bb use_border_color=\u00a0\u00bboff\u00a0\u00bb border_color=\u00a0\u00bb#ffffff\u00a0\u00bb border_style=\u00a0\u00bbsolid\u00a0\u00bb \/][\/et_pb_column][\/et_pb_row][\/et_pb_section][et_pb_section bb_built=\u00a0\u00bb1&Prime; admin_label=\u00a0\u00bbSection\u00a0\u00bb fullwidth=\u00a0\u00bboff\u00a0\u00bb specialty=\u00a0\u00bboff\u00a0\u00bb][et_pb_row admin_label=\u00a0\u00bbLigne\u00a0\u00bb][et_pb_column type=\u00a0\u00bb4_4&Prime;][et_pb_text admin_label=\u00a0\u00bbTexte\u00a0\u00bb background_layout=\u00a0\u00bblight\u00a0\u00bb text_orientation=\u00a0\u00bbleft\u00a0\u00bb use_border_color=\u00a0\u00bboff\u00a0\u00bb border_color=\u00a0\u00bb#ffffff\u00a0\u00bb border_style=\u00a0\u00bbsolid\u00a0\u00bb]<\/p>\n<h3 style=\"text-align: center;\"><span style=\"font-size: 18pt; color: #7ac6b6;\"><strong>UNE QUESTION, UN\u00a0NOUVEAU PROJET\u00a0?<\/strong><\/span><\/h3>\n<h3 style=\"text-align: center;\"><span style=\"font-size: 18pt; color: #7ac6b6;\"><strong> DEVIS GRATUIT ET SANS ENGAGEMENT !<\/strong><\/span><\/h3>\n<h3 style=\"text-align: center;\"><span style=\"font-size: 18pt;\"><a href=\"http:\/\/www.stilow.fr\/index.php\/assistante-independante\/\"><span style=\"color: #7ac6b6;\"><strong>CONTACTEZ-MOI\u00a0!<\/strong><\/span><\/a><\/span><\/h3>\n<p>&nbsp;<\/p>\n<p><span style=\"font-size: 12pt;\"><strong><span style=\"color: #ff0000;\">Surtout n&rsquo;oubliez pas que l&rsquo;exercice de la comptabilit\u00e9 est r\u00e9glement\u00e9 cf : Ordonnance n\u00b0 45-2138 du 19 septembre 1945 article 20 alin\u00e9a 2 et article 2. De ce fait, je travaille en toute transparence et en \u00e9troite collaboration avec votre expert-comptable.\u00a0<\/span><\/strong><\/span><\/p>\n<p>[\/et_pb_text][\/et_pb_column][\/et_pb_row][et_pb_row admin_label=\u00a0\u00bbLigne\u00a0\u00bb][et_pb_column type=\u00a0\u00bb4_4&Prime;][et_pb_social_media_follow admin_label=\u00a0\u00bbSuivez-nous sur les r\u00e9seaux sociaux\u00a0\u00bb link_shape=\u00a0\u00bbcircle\u00a0\u00bb background_layout=\u00a0\u00bblight\u00a0\u00bb url_new_window=\u00a0\u00bboff\u00a0\u00bb follow_button=\u00a0\u00bbon\u00a0\u00bb] [et_pb_social_media_follow_network social_network=\u00a0\u00bbfacebook\u00a0\u00bb url=\u00a0\u00bbhttps:\/\/www.facebook.com\/stilow.secretariat\/\u00a0\u00bb skype_action=\u00a0\u00bbcall\u00a0\u00bb bg_color=\u00a0\u00bb#3b5998&Prime;] Facebook [\/et_pb_social_media_follow_network][et_pb_social_media_follow_network social_network=\u00a0\u00bbtwitter\u00a0\u00bb url=\u00a0\u00bbhttps:\/\/twitter.com\/stilow62&Prime; skype_action=\u00a0\u00bbcall\u00a0\u00bb bg_color=\u00a0\u00bb#00aced\u00a0\u00bb] Twitter [\/et_pb_social_media_follow_network][et_pb_social_media_follow_network social_network=\u00a0\u00bblinkedin\u00a0\u00bb url=\u00a0\u00bbhttps:\/\/www.linkedin.com\/in\/amelie-mignot-0957b3127\/\u00a0\u00bb skype_action=\u00a0\u00bbcall\u00a0\u00bb bg_color=\u00a0\u00bb#007bb6&Prime;] LinkedIn [\/et_pb_social_media_follow_network][et_pb_social_media_follow_network social_network=\u00a0\u00bbgoogle-plus\u00a0\u00bb url=\u00a0\u00bbhttps:\/\/plus.google.com\/u\/0\/118258079753783980273&Prime; skype_action=\u00a0\u00bbcall\u00a0\u00bb bg_color=\u00a0\u00bb#dd4b39&Prime;] Google+ [\/et_pb_social_media_follow_network] [\/et_pb_social_media_follow][\/et_pb_column][\/et_pb_row][\/et_pb_section]<\/p>\n<div style=\"padding-bottom:20px; padding-top:10px;\" class=\"hupso-share-buttons\"><!-- Hupso Share Buttons - https:\/\/www.hupso.com\/share\/ --><a class=\"hupso_toolbar\" href=\"https:\/\/www.hupso.com\/share\/\"><img src=\"https:\/\/static.hupso.com\/share\/buttons\/lang\/fr\/share-medium.png\" style=\"border:0px; padding-top: 5px; float:left;\" alt=\"Share Button\"\/><\/a><script type=\"text\/javascript\">var hupso_services_t=new Array(\"Twitter\",\"Facebook\",\"Google Plus\",\"Linkedin\");var hupso_background_t=\"#EAF4FF\";var hupso_border_t=\"#66CCFF\";var hupso_toolbar_size_t=\"medium\";var hupso_image_folder_url = \"\";var hupso_url_t=\"\";var hupso_title_t=\"Gestion%20d%27entreprise\";<\/script><script type=\"text\/javascript\" src=\"https:\/\/static.hupso.com\/share\/js\/share_toolbar.js\"><\/script><!-- Hupso Share Buttons --><\/div>","protected":false},"excerpt":{"rendered":"<p>[et_pb_section bb_built=\u00a0\u00bb1&Prime; admin_label=\u00a0\u00bbSection\u00a0\u00bb fullwidth=\u00a0\u00bboff\u00a0\u00bb specialty=\u00a0\u00bboff\u00a0\u00bb][et_pb_row admin_label=\u00a0\u00bbLigne\u00a0\u00bb][et_pb_column type=\u00a0\u00bb4_4&Prime;][et_pb_text admin_label=\u00a0\u00bbTexte\u00a0\u00bb background_layout=\u00a0\u00bblight\u00a0\u00bb text_orientation=\u00a0\u00bbleft\u00a0\u00bb use_border_color=\u00a0\u00bboff\u00a0\u00bb border_color=\u00a0\u00bb#ffffff\u00a0\u00bb border_style=\u00a0\u00bbsolid\u00a0\u00bb] STILOW &#8211; SECR\u00c9TARIAT\u00a0EXTERNALISE Votre assistante ind\u00e9pendante vous propose de l&rsquo;assistance administrative en gestion d&rsquo;entreprise, en ressources humaines, en recrutement et formation [\/et_pb_text][\/et_pb_column][\/et_pb_row][\/et_pb_section][et_pb_section bb_built=\u00a0\u00bb1&Prime; admin_label=\u00a0\u00bbsection\u00a0\u00bb][et_pb_row admin_label=\u00a0\u00bbrow\u00a0\u00bb][et_pb_column type=\u00a0\u00bb1_2&Prime;][et_pb_image admin_label=\u00a0\u00bbImage\u00a0\u00bb src=\u00a0\u00bbhttp:\/\/www.stilow.fr\/wp-content\/uploads\/2017\/06\/Nuage-de-mots-gestion-dentreprise.jpg\u00a0\u00bb show_in_lightbox=\u00a0\u00bboff\u00a0\u00bb url_new_window=\u00a0\u00bboff\u00a0\u00bb use_overlay=\u00a0\u00bboff\u00a0\u00bb animation=\u00a0\u00bboff\u00a0\u00bb sticky=\u00a0\u00bboff\u00a0\u00bb align=\u00a0\u00bbleft\u00a0\u00bb force_fullwidth=\u00a0\u00bboff\u00a0\u00bb always_center_on_mobile=\u00a0\u00bbon\u00a0\u00bb use_border_color=\u00a0\u00bboff\u00a0\u00bb border_color=\u00a0\u00bb#ffffff\u00a0\u00bb border_style=\u00a0\u00bbsolid\u00a0\u00bb \/][\/et_pb_column][et_pb_column type=\u00a0\u00bb1_2&Prime;][et_pb_text admin_label=\u00a0\u00bbTexte\u00a0\u00bb [&hellip;]<\/p>\n","protected":false},"author":2,"featured_media":0,"parent":0,"menu_order":0,"comment_status":"closed","ping_status":"closed","template":"","meta":{"_et_pb_use_builder":"on","_et_pb_old_content":"","_et_gb_content_width":"","_monsterinsights_skip_tracking":false,"_monsterinsights_sitenote_active":false,"_monsterinsights_sitenote_note":"","_monsterinsights_sitenote_category":0},"yoast_head":"<!-- This site is optimized with the Yoast SEO plugin v15.5 - https:\/\/yoast.com\/wordpress\/plugins\/seo\/ -->\n<title>STILOW - Secr\u00e9tariat Externalis\u00e9 - Assistance en gestion d&#039;entreprise<\/title>\n<meta name=\"description\" content=\"Nord-pas-de-Calais. Votre assistante ind\u00e9pendante vous simplifie la vie en vous proposant une assistance en gestion d&#039;entreprise : gestion\/finance, etc...\" \/>\n<meta name=\"robots\" content=\"index, follow, max-snippet:-1, max-image-preview:large, max-video-preview:-1\" \/>\n<link rel=\"canonical\" href=\"https:\/\/www.stilow.fr\/index.php\/assistance-en-gestion-dentreprise\/\" \/>\n<meta property=\"og:locale\" content=\"fr_FR\" \/>\n<meta property=\"og:type\" content=\"article\" \/>\n<meta property=\"og:title\" content=\"STILOW - Secr\u00e9tariat Externalis\u00e9 - Assistance en gestion d&#039;entreprise\" \/>\n<meta property=\"og:description\" content=\"Nord-pas-de-Calais. Votre assistante ind\u00e9pendante vous simplifie la vie en vous proposant une assistance en gestion d&#039;entreprise : gestion\/finance, etc...\" \/>\n<meta property=\"og:url\" content=\"https:\/\/www.stilow.fr\/index.php\/assistance-en-gestion-dentreprise\/\" \/>\n<meta property=\"og:site_name\" content=\"Stilow - Assistante Secr\u00e9taire Ind\u00e9pendante - T\u00e9l\u00e9secr\u00e9tariat\" \/>\n<meta property=\"article:publisher\" content=\"https:\/\/www.facebook.com\/stilow.secretariat\/?ref=settings\" \/>\n<meta property=\"article:modified_time\" content=\"2017-10-13T09:01:16+00:00\" \/>\n<meta name=\"twitter:card\" content=\"summary\" \/>\n<meta name=\"twitter:site\" content=\"@stilow62\" \/>\n<meta name=\"twitter:label1\" content=\"Dur\u00e9e de lecture est.\">\n\t<meta name=\"twitter:data1\" content=\"5 minutes\">\n<script type=\"application\/ld+json\" class=\"yoast-schema-graph\">{\"@context\":\"https:\/\/schema.org\",\"@graph\":[{\"@type\":\"Organization\",\"@id\":\"https:\/\/www.stilow.fr\/#organization\",\"name\":\"STILOW\",\"url\":\"https:\/\/www.stilow.fr\/\",\"sameAs\":[\"https:\/\/www.facebook.com\/stilow.secretariat\/?ref=settings\",\"https:\/\/www.linkedin.com\/in\/ameliemignot\",\"https:\/\/twitter.com\/stilow62\"],\"logo\":{\"@type\":\"ImageObject\",\"@id\":\"https:\/\/www.stilow.fr\/#logo\",\"inLanguage\":\"fr-FR\",\"url\":\"https:\/\/www.stilow.fr\/wp-content\/uploads\/2017\/05\/logo-stilow-assistante-independante-62.jpg\",\"width\":250,\"height\":250,\"caption\":\"STILOW\"},\"image\":{\"@id\":\"https:\/\/www.stilow.fr\/#logo\"}},{\"@type\":\"WebSite\",\"@id\":\"https:\/\/www.stilow.fr\/#website\",\"url\":\"https:\/\/www.stilow.fr\/\",\"name\":\"Stilow - Assistante Secr\\u00e9taire Ind\\u00e9pendante - T\\u00e9l\\u00e9secr\\u00e9tariat\",\"description\":\"Secr\\u00e9tariat Externalis\\u00e9 - Assistante de gestion ind\\u00e9pendante\",\"publisher\":{\"@id\":\"https:\/\/www.stilow.fr\/#organization\"},\"potentialAction\":[{\"@type\":\"SearchAction\",\"target\":\"https:\/\/www.stilow.fr\/?s={search_term_string}\",\"query-input\":\"required name=search_term_string\"}],\"inLanguage\":\"fr-FR\"},{\"@type\":\"WebPage\",\"@id\":\"https:\/\/www.stilow.fr\/index.php\/assistance-en-gestion-dentreprise\/#webpage\",\"url\":\"https:\/\/www.stilow.fr\/index.php\/assistance-en-gestion-dentreprise\/\",\"name\":\"STILOW - Secr\\u00e9tariat Externalis\\u00e9 - Assistance en gestion d'entreprise\",\"isPartOf\":{\"@id\":\"https:\/\/www.stilow.fr\/#website\"},\"datePublished\":\"2017-05-22T07:51:52+00:00\",\"dateModified\":\"2017-10-13T09:01:16+00:00\",\"description\":\"Nord-pas-de-Calais. Votre assistante ind\\u00e9pendante vous simplifie la vie en vous proposant une assistance en gestion d'entreprise : gestion\/finance, etc...\",\"inLanguage\":\"fr-FR\",\"potentialAction\":[{\"@type\":\"ReadAction\",\"target\":[\"https:\/\/www.stilow.fr\/index.php\/assistance-en-gestion-dentreprise\/\"]}]}]}<\/script>\n<!-- \/ Yoast SEO plugin. -->","_links":{"self":[{"href":"https:\/\/www.stilow.fr\/index.php\/wp-json\/wp\/v2\/pages\/231"}],"collection":[{"href":"https:\/\/www.stilow.fr\/index.php\/wp-json\/wp\/v2\/pages"}],"about":[{"href":"https:\/\/www.stilow.fr\/index.php\/wp-json\/wp\/v2\/types\/page"}],"author":[{"embeddable":true,"href":"https:\/\/www.stilow.fr\/index.php\/wp-json\/wp\/v2\/users\/2"}],"replies":[{"embeddable":true,"href":"https:\/\/www.stilow.fr\/index.php\/wp-json\/wp\/v2\/comments?post=231"}],"version-history":[{"count":12,"href":"https:\/\/www.stilow.fr\/index.php\/wp-json\/wp\/v2\/pages\/231\/revisions"}],"predecessor-version":[{"id":535,"href":"https:\/\/www.stilow.fr\/index.php\/wp-json\/wp\/v2\/pages\/231\/revisions\/535"}],"wp:attachment":[{"href":"https:\/\/www.stilow.fr\/index.php\/wp-json\/wp\/v2\/media?parent=231"}],"curies":[{"name":"wp","href":"https:\/\/api.w.org\/{rel}","templated":true}]}}